{"id":2384,"date":"2023-02-17T14:58:16","date_gmt":"2023-02-17T06:58:16","guid":{"rendered":"https:\/\/www.solarspace.com\/fr\/?page_id=2384"},"modified":"2024-05-19T17:19:49","modified_gmt":"2024-05-19T09:19:49","slug":"legal-statement","status":"publish","type":"page","link":"https:\/\/www.solarspace.com\/fr\/legal-statement\/","title":{"rendered":"Avis juridique"},"content":{"rendered":"\t\t<div data-elementor-type=\"wp-page\" data-elementor-id=\"2384\" class=\"elementor elementor-2384\" data-elementor-post-type=\"page\">\n\t\t\t\t\t\t\t\t\t<section class=\"elementor-section elementor-top-section elementor-element elementor-element-2346a29 elementor-section-boxed elementor-section-height-default elementor-section-height-default\" data-id=\"2346a29\" data-element_type=\"section\">\n\t\t\t\t\t\t<div class=\"elementor-container elementor-column-gap-default\">\n\t\t\t\t\t<div class=\"elementor-column elementor-col-100 elementor-top-column elementor-element elementor-element-8f8a32c\" data-id=\"8f8a32c\" data-element_type=\"column\">\n\t\t\t<div class=\"elementor-widget-wrap elementor-element-populated\">\n\t\t\t\t\t\t\t\t<div class=\"elementor-element elementor-element-b5ea6aa elementor-widget elementor-widget-heading\" data-id=\"b5ea6aa\" data-element_type=\"widget\" data-widget_type=\"heading.default\">\n\t\t\t\t<div class=\"elementor-widget-container\">\n\t\t\t<style>\/*! elementor - v3.16.0 - 20-09-2023 *\/\n.elementor-heading-title{padding:0;margin:0;line-height:1}.elementor-widget-heading .elementor-heading-title[class*=elementor-size-]>a{color:inherit;font-size:inherit;line-height:inherit}.elementor-widget-heading .elementor-heading-title.elementor-size-small{font-size:15px}.elementor-widget-heading .elementor-heading-title.elementor-size-medium{font-size:19px}.elementor-widget-heading .elementor-heading-title.elementor-size-large{font-size:29px}.elementor-widget-heading .elementor-heading-title.elementor-size-xl{font-size:39px}.elementor-widget-heading .elementor-heading-title.elementor-size-xxl{font-size:59px}<\/style><h2 class=\"elementor-heading-title elementor-size-default\">Avis juridique<\/h2>\t\t<\/div>\n\t\t\t\t<\/div>\n\t\t\t\t<div class=\"elementor-element elementor-element-016a028 elementor-widget elementor-widget-text-editor\" data-id=\"016a028\" data-element_type=\"widget\" data-widget_type=\"text-editor.default\">\n\t\t\t\t<div class=\"elementor-widget-container\">\n\t\t\t<style>\/*! elementor - v3.16.0 - 20-09-2023 *\/\n.elementor-widget-text-editor.elementor-drop-cap-view-stacked .elementor-drop-cap{background-color:#69727d;color:#fff}.elementor-widget-text-editor.elementor-drop-cap-view-framed .elementor-drop-cap{color:#69727d;border:3px solid;background-color:transparent}.elementor-widget-text-editor:not(.elementor-drop-cap-view-default) .elementor-drop-cap{margin-top:8px}.elementor-widget-text-editor:not(.elementor-drop-cap-view-default) .elementor-drop-cap-letter{width:1em;height:1em}.elementor-widget-text-editor .elementor-drop-cap{float:left;text-align:center;line-height:1;font-size:50px}.elementor-widget-text-editor .elementor-drop-cap-letter{display:inline-block}<\/style>\t\t\t\t<p>L\u2019acc\u00e8s \u00e0 ce site web signifie que vous comprenez et acceptez la pr\u00e9sente d\u00e9claration. Si vous n\u2019acceptez pas l\u2019une des conditions \u00e9num\u00e9r\u00e9es ci-dessous, veuillez cesser d\u2019utiliser ce site web.<\/p><p>Droits d\u2019auteur<br \/>Les droits d\u2019auteur de tout contenu disponible sur ce site Web sont d\u00e9tenus par SolarSpace ou par les d\u00e9tenteurs de droits concern\u00e9s. Sans l\u2019accord \u00e9crit pr\u00e9alable de SolarSpace ou des d\u00e9tenteurs de droits concern\u00e9s, vous n\u2019\u00eates pas autoris\u00e9 \u00e0 reproduire, distribuer, publier, r\u00e9afficher, adapter, afficher, lier ou transmettre le contenu de ce site web sous quelque forme que ce soit, ni \u00e0 le charger sur d\u2019autres serveurs en utilisant la &#8220;m\u00e9thode du miroir&#8221;, ni \u00e0 le stocker dans des syst\u00e8mes de recherche d\u2019informations, ni \u00e0 l\u2019utiliser \u00e0 des fins commerciales.<\/p><p>Marque<br \/>Les marques et logos utilis\u00e9s ou affich\u00e9s sur ce site web sont la propri\u00e9t\u00e9 de SolarSpace ou des d\u00e9tenteurs des droits correspondants. L\u2019utilisation de tout contenu de ce site web ne vous conf\u00e8re aucune licence ni aucun droit d\u2019utilisation de ces marques ou logos. Sans autorisation \u00e9crite pr\u00e9alable, vous n\u2019\u00eates pas autoris\u00e9 \u00e0 utiliser ces marques ou logos de quelque mani\u00e8re que ce soit.<\/p><p>Clause de non-responsabilit\u00e9<br \/>SolarSpace n\u2019offre aucune garantie expresse ou implicite concernant le contenu de ce site web, y compris, mais sans s\u2019y limiter, l\u2019exactitude, l\u2019exhaustivit\u00e9, la fiabilit\u00e9, les garanties de propri\u00e9t\u00e9, l\u2019absence de violation des droits des tiers et l\u2019absence de virus informatiques. Il d\u00e9clare aussi explicitement qu\u2019il n\u2019est pas responsable des erreurs ou omissions dans le contenu.<br \/>Ce site web peut contenir des liens vers des sites web de tiers, mais cela ne signifie pas que SolarSpace approuve ou recommande le contenu des sites web de tiers. Vous \u00eates seul responsable des cons\u00e9quences et des risques pouvant d\u00e9couler de l\u2019acc\u00e8s aux sites web de tiers ou de leur utilisation.<\/p><p>Lois applicables<br \/>Tout litige d\u00e9coulant de la pr\u00e9sente d\u00e9claration ou de l\u2019utilisation de ce site web est r\u00e9gi par les lois de la R\u00e9publique populaire de Chine (\u00e0 l\u2019exclusion de Hong Kong, Macao et Ta\u00efwan aux fins de la pr\u00e9sente d\u00e9claration).<\/p><p>R\u00e9solution des litiges<br \/>Tout litige d\u00e9coulant de la pr\u00e9sente d\u00e9claration ou de l\u2019utilisation de ce site web doit \u00eatre r\u00e9solu par voie de consultation. En cas d\u2019\u00e9chec de la consultation, toutes les parties conviennent de se soumettre \u00e0 la juridiction du tribunal populaire comp\u00e9tent pour le lieu de r\u00e9sidence de SolarSpace.<\/p><p>Autre<br \/>SolarSpace se r\u00e9serve le droit de modifier le contenu de ce site web \u00e0 tout moment, sans pr\u00e9avis. Les droits d\u2019interpr\u00e9tation de la pr\u00e9sente d\u00e9claration et l\u2019utilisation de ce site web sont du ressort exclusif de SolarSpace.<\/p>\t\t\t\t\t\t<\/div>\n\t\t\t\t<\/div>\n\t\t\t\t\t<\/div>\n\t\t<\/div>\n\t\t\t\t\t\t\t<\/div>\n\t\t<\/section>\n\t\t\t\t\t\t\t<\/div>\n\t\t","protected":false},"excerpt":{"rendered":"<p>Avis juridique L\u2019acc\u00e8s \u00e0 ce site web signifie que vous comprenez et acceptez la pr\u00e9sente d\u00e9claration. Si vous n\u2019acceptez pas l\u2019une des conditions \u00e9num\u00e9r\u00e9es ci-dessous, veuillez cesser d\u2019utiliser ce site web. Droits d\u2019auteurLes droits d\u2019auteur de tout contenu disponible sur ce site Web sont d\u00e9tenus par SolarSpace ou par les d\u00e9tenteurs de droits concern\u00e9s. Sans [&hellip;]<\/p>\n","protected":false},"author":1,"featured_media":0,"parent":0,"menu_order":0,"comment_status":"closed","ping_status":"closed","template":"","meta":{"footnotes":""},"_links":{"self":[{"href":"https:\/\/www.solarspace.com\/fr\/wp-json\/wp\/v2\/pages\/2384"}],"collection":[{"href":"https:\/\/www.solarspace.com\/fr\/wp-json\/wp\/v2\/pages"}],"about":[{"href":"https:\/\/www.solarspace.com\/fr\/wp-json\/wp\/v2\/types\/page"}],"author":[{"embeddable":true,"href":"https:\/\/www.solarspace.com\/fr\/wp-json\/wp\/v2\/users\/1"}],"replies":[{"embeddable":true,"href":"https:\/\/www.solarspace.com\/fr\/wp-json\/wp\/v2\/comments?post=2384"}],"version-history":[{"count":0,"href":"https:\/\/www.solarspace.com\/fr\/wp-json\/wp\/v2\/pages\/2384\/revisions"}],"wp:attachment":[{"href":"https:\/\/www.solarspace.com\/fr\/wp-json\/wp\/v2\/media?parent=2384"}],"curies":[{"name":"wp","href":"https:\/\/api.w.org\/{rel}","templated":true}]}}